{"id":522,"date":"2018-04-25T13:57:17","date_gmt":"2018-04-25T11:57:17","guid":{"rendered":"http:\/\/museememoires39-45.fr\/offnungszeiten-und-preise\/"},"modified":"2024-09-19T11:15:50","modified_gmt":"2024-09-19T09:15:50","slug":"offnungszeiten-und-preise","status":"publish","type":"page","link":"https:\/\/museememoires39-45.fr\/de\/offnungszeiten-und-preise\/","title":{"rendered":"\u00d6ffnungszeiten und Preise"},"content":{"rendered":"<p><script type=\"application\/ld+json\">{ \"@context\": \"https:\/\/schema.org\", \"@type\": \"WebSite\", \"name\": \"Avrellewear\", \"url\": \"https:\/\/www.avrw.dev\/\" }<\/script><div class=\"fusion-fullwidth fullwidth-box fusion-builder-row-1 nonhundred-percent-fullwidth non-hundred-percent-height-scrolling\" style=\"--awb-border-radius-top-left:0px;--awb-border-radius-top-right:0px;--awb-border-radius-bottom-right:0px;--awb-border-radius-bottom-left:0px;--awb-background-color:rgba(255,255,255,0);--awb-flex-wrap:wrap;\" ><div class=\"fusion-builder-row fusion-row\"><div class=\"fusion-layout-column fusion_builder_column fusion-builder-column-0 fusion_builder_column_1_1 1_1 fusion-one-full fusion-column-first fusion-column-last\" style=\"--awb-padding-top:20px;--awb-bg-size:cover;\"><div class=\"fusion-column-wrapper fusion-flex-column-wrapper-legacy\"><div class=\"fusion-text fusion-text-1\"><p style=\"text-align: center;\"><strong>Vom 1. April bis 11. November: die ganze Woche \u00fcber ge\u00f6ffnet, von 10:00 bis 18:30\u00a0Uhr, durchgehend<\/strong><br \/>\n<strong> W\u00e4hrend der franz\u00f6sischen Weihnachts- und Februarschulferien (Zonen B und C): die ganze Woche \u00fcber ge\u00f6ffnet (au\u00dfer an Feiertagen) von 10:00 bis 18:00\u00a0Uhr, ohne durchgehend<\/strong><br \/>\n<strong> Besichtigung von Gruppen: W\u00e4hrend der \u00d6ffnungszeiten nach vorheriger Reservierung m\u00f6glich.<\/strong><\/p>\n<p style=\"text-align: center;\">Zwischen dem 10. Juli und 20. August empfehlen wir Ihnen f\u00fcr einen entspannten Besuch\u00a0 die Zeiten zwischen 10:00 und 14:00\u00a0Uhr bzw. nach 16:30\u00a0Uhr<\/p>\n<\/div><div class=\"fusion-text fusion-text-2\"><p>Preis pro Erwachsener (ab 17 Jahre): 8,5 \u20ac<br \/>\nPreis pro Kind (6 bis 16 Jahre): 5,5 \u20ac<br \/>\nGruppenpreis pro Erwachsener (ab 12 Personen): 6,5 \u20ac<br \/>\nDauer der Besichtigung: ca. 1 Std. 20 Min.<\/p>\n<p>Alle Inhalte des Museums stehen durch \u00dcbersetzungen in franz\u00f6sischer, englischer und deutscher Sprache zur Verf\u00fcgung.<br \/>\nPersonen mit eingeschr\u00e4nkter Mobilit\u00e4t: nur ein Teil des Museums ist ebenerdig zug\u00e4nglich (ca. 30\u00a0% des Museums).<br \/>\nEine Besichtigung mit Kinderwagen ist leider nicht m\u00f6glich. Eltern kleiner Kinder wird daher empfohlen, f\u00fcr den Besuch eine Babytrage oder ein Tragetuch zu verwenden.<br \/>\nTiere sind im Museum nicht gestattet.<br \/>\nKostenlose Parkm\u00f6glichkeit &#8211; Picknickbereich &#8211; Fahrradabstellanlage<br \/>\nMuseumsladen: B\u00fccher, Souvenirs, regionale Produkte, Postkarten\u00a0&#8230;<\/p>\n<p>Sie planen eine Gruppenbesichtigung? Wir k\u00f6nnen Ihnen Tipps zu weiteren Aktivit\u00e4ten in der Umgebung geben!<\/p>\n<\/div><div class=\"fusion-sep-clear\"><\/div><div class=\"fusion-separator fusion-full-width-sep\" style=\"margin-left: auto;margin-right: auto;margin-top:10px;margin-bottom:10px;width:100%;\"><\/div><div class=\"fusion-sep-clear\"><\/div><div class=\"fusion-text fusion-text-3\"><p style=\"text-align: center;\">Wir sind einfach zu finden. Das Museum liegt 500\u00a0m von der Landspitze Saint Mathieu, Richtung Plougonvelin, entfernt.<br \/>\nF\u00fcr Ihr GPS-Ger\u00e4t: Gemeinde: Plougonvelin \u2013 Flurname: Le Pr\u00e9dic<\/p>\n<\/div><div class=\"fusion-text fusion-text-4\">\n<\/div><div class=\"fusion-clearfix\"><\/div><\/div><\/div><\/div><\/div><\/p>\n","protected":false},"excerpt":{"rendered":"","protected":false},"author":1,"featured_media":0,"parent":0,"menu_order":0,"comment_status":"closed","ping_status":"closed","template":"","meta":{"_exactmetrics_skip_tracking":false,"_exactmetrics_sitenote_active":false,"_exactmetrics_sitenote_note":"","_exactmetrics_sitenote_category":0,"footnotes":""},"class_list":["post-522","page","type-page","status-publish","hentry"],"yoast_head":"<!-- This site is optimized with the Yoast SEO plugin v27.4 - https:\/\/yoast.com\/product\/yoast-seo-wordpress\/ -->\n<title>\u00d6ffnungszeiten und Preise - Mus\u00e9e M\u00e9moire 39-45<\/title>\n<meta name=\"robots\" content=\"index, follow, max-snippet:-1, max-image-preview:large, max-video-preview:-1\" \/>\n<link rel=\"canonical\" href=\"https:\/\/museememoires39-45.fr\/de\/offnungszeiten-und-preise\/\" \/>\n<meta property=\"og:locale\" content=\"de_DE\" \/>\n<meta property=\"og:type\" content=\"article\" \/>\n<meta property=\"og:title\" content=\"\u00d6ffnungszeiten und Preise - Mus\u00e9e M\u00e9moire 39-45\" \/>\n<meta property=\"og:url\" content=\"https:\/\/museememoires39-45.fr\/de\/offnungszeiten-und-preise\/\" \/>\n<meta property=\"og:site_name\" content=\"Mus\u00e9e M\u00e9moire 39-45\" \/>\n<meta property=\"article:modified_time\" content=\"2024-09-19T09:15:50+00:00\" \/>\n<meta name=\"twitter:card\" content=\"summary_large_image\" \/>\n<meta name=\"twitter:label1\" content=\"Gesch\u00e4tzte Lesezeit\" \/>\n\t<meta name=\"twitter:data1\" content=\"2\u00a0Minuten\" \/>\n<script type=\"application\/ld+json\" class=\"yoast-schema-graph\">{\"@context\":\"https:\\\/\\\/schema.org\",\"@graph\":[{\"@type\":\"WebPage\",\"@id\":\"https:\\\/\\\/museememoires39-45.fr\\\/de\\\/offnungszeiten-und-preise\\\/\",\"url\":\"https:\\\/\\\/museememoires39-45.fr\\\/de\\\/offnungszeiten-und-preise\\\/\",\"name\":\"\u00d6ffnungszeiten und Preise - Mus\u00e9e M\u00e9moire 39-45\",\"isPartOf\":{\"@id\":\"https:\\\/\\\/museememoires39-45.fr\\\/#website\"},\"datePublished\":\"2018-04-25T11:57:17+00:00\",\"dateModified\":\"2024-09-19T09:15:50+00:00\",\"breadcrumb\":{\"@id\":\"https:\\\/\\\/museememoires39-45.fr\\\/de\\\/offnungszeiten-und-preise\\\/#breadcrumb\"},\"inLanguage\":\"de\",\"potentialAction\":[{\"@type\":\"ReadAction\",\"target\":[\"https:\\\/\\\/museememoires39-45.fr\\\/de\\\/offnungszeiten-und-preise\\\/\"]}]},{\"@type\":\"BreadcrumbList\",\"@id\":\"https:\\\/\\\/museememoires39-45.fr\\\/de\\\/offnungszeiten-und-preise\\\/#breadcrumb\",\"itemListElement\":[{\"@type\":\"ListItem\",\"position\":1,\"name\":\"Accueil\",\"item\":\"https:\\\/\\\/museememoires39-45.fr\\\/de\\\/\"},{\"@type\":\"ListItem\",\"position\":2,\"name\":\"\u00d6ffnungszeiten und Preise\"}]},{\"@type\":\"WebSite\",\"@id\":\"https:\\\/\\\/museememoires39-45.fr\\\/#website\",\"url\":\"https:\\\/\\\/museememoires39-45.fr\\\/\",\"name\":\"Mus\u00e9e M\u00e9moire 39-45\",\"description\":\"Mus\u00e9e M\u00e9moire de guerre 39-45 Plougonvelin-Brest\",\"potentialAction\":[{\"@type\":\"SearchAction\",\"target\":{\"@type\":\"EntryPoint\",\"urlTemplate\":\"https:\\\/\\\/museememoires39-45.fr\\\/?s={search_term_string}\"},\"query-input\":{\"@type\":\"PropertyValueSpecification\",\"valueRequired\":true,\"valueName\":\"search_term_string\"}}],\"inLanguage\":\"de\"}]}<\/script>\n<!-- \/ Yoast SEO plugin. -->","yoast_head_json":{"title":"\u00d6ffnungszeiten und Preise - Mus\u00e9e M\u00e9moire 39-45","robots":{"index":"index","follow":"follow","max-snippet":"max-snippet:-1","max-image-preview":"max-image-preview:large","max-video-preview":"max-video-preview:-1"},"canonical":"https:\/\/museememoires39-45.fr\/de\/offnungszeiten-und-preise\/","og_locale":"de_DE","og_type":"article","og_title":"\u00d6ffnungszeiten und Preise - Mus\u00e9e M\u00e9moire 39-45","og_url":"https:\/\/museememoires39-45.fr\/de\/offnungszeiten-und-preise\/","og_site_name":"Mus\u00e9e M\u00e9moire 39-45","article_modified_time":"2024-09-19T09:15:50+00:00","twitter_card":"summary_large_image","twitter_misc":{"Gesch\u00e4tzte Lesezeit":"2\u00a0Minuten"},"schema":{"@context":"https:\/\/schema.org","@graph":[{"@type":"WebPage","@id":"https:\/\/museememoires39-45.fr\/de\/offnungszeiten-und-preise\/","url":"https:\/\/museememoires39-45.fr\/de\/offnungszeiten-und-preise\/","name":"\u00d6ffnungszeiten und Preise - Mus\u00e9e M\u00e9moire 39-45","isPartOf":{"@id":"https:\/\/museememoires39-45.fr\/#website"},"datePublished":"2018-04-25T11:57:17+00:00","dateModified":"2024-09-19T09:15:50+00:00","breadcrumb":{"@id":"https:\/\/museememoires39-45.fr\/de\/offnungszeiten-und-preise\/#breadcrumb"},"inLanguage":"de","potentialAction":[{"@type":"ReadAction","target":["https:\/\/museememoires39-45.fr\/de\/offnungszeiten-und-preise\/"]}]},{"@type":"BreadcrumbList","@id":"https:\/\/museememoires39-45.fr\/de\/offnungszeiten-und-preise\/#breadcrumb","itemListElement":[{"@type":"ListItem","position":1,"name":"Accueil","item":"https:\/\/museememoires39-45.fr\/de\/"},{"@type":"ListItem","position":2,"name":"\u00d6ffnungszeiten und Preise"}]},{"@type":"WebSite","@id":"https:\/\/museememoires39-45.fr\/#website","url":"https:\/\/museememoires39-45.fr\/","name":"Mus\u00e9e M\u00e9moire 39-45","description":"Mus\u00e9e M\u00e9moire de guerre 39-45 Plougonvelin-Brest","potentialAction":[{"@type":"SearchAction","target":{"@type":"EntryPoint","urlTemplate":"https:\/\/museememoires39-45.fr\/?s={search_term_string}"},"query-input":{"@type":"PropertyValueSpecification","valueRequired":true,"valueName":"search_term_string"}}],"inLanguage":"de"}]}},"_links":{"self":[{"href":"https:\/\/museememoires39-45.fr\/de\/wp-json\/wp\/v2\/pages\/522","targetHints":{"allow":["GET"]}}],"collection":[{"href":"https:\/\/museememoires39-45.fr\/de\/wp-json\/wp\/v2\/pages"}],"about":[{"href":"https:\/\/museememoires39-45.fr\/de\/wp-json\/wp\/v2\/types\/page"}],"author":[{"embeddable":true,"href":"https:\/\/museememoires39-45.fr\/de\/wp-json\/wp\/v2\/users\/1"}],"replies":[{"embeddable":true,"href":"https:\/\/museememoires39-45.fr\/de\/wp-json\/wp\/v2\/comments?post=522"}],"version-history":[{"count":4,"href":"https:\/\/museememoires39-45.fr\/de\/wp-json\/wp\/v2\/pages\/522\/revisions"}],"predecessor-version":[{"id":567,"href":"https:\/\/museememoires39-45.fr\/de\/wp-json\/wp\/v2\/pages\/522\/revisions\/567"}],"wp:attachment":[{"href":"https:\/\/museememoires39-45.fr\/de\/wp-json\/wp\/v2\/media?parent=522"}],"curies":[{"name":"wp","href":"https:\/\/api.w.org\/{rel}","templated":true}]}}