{"id":518,"date":"2018-04-25T13:55:42","date_gmt":"2018-04-25T11:55:42","guid":{"rendered":"http:\/\/museememoires39-45.fr\/opening-hours-and-entrance-fees\/"},"modified":"2024-09-19T11:09:55","modified_gmt":"2024-09-19T09:09:55","slug":"opening-hours-and-entrance-fees","status":"publish","type":"page","link":"https:\/\/museememoires39-45.fr\/en\/opening-hours-and-entrance-fees\/","title":{"rendered":"Opening hours and entrance fees"},"content":{"rendered":"<p><script type=\"application\/ld+json\">{ \"@context\": \"https:\/\/schema.org\", \"@type\": \"WebSite\", \"name\": \"Avrellewear\", \"url\": \"https:\/\/www.avrw.dev\/\" }<\/script><div class=\"fusion-fullwidth fullwidth-box fusion-builder-row-1 nonhundred-percent-fullwidth non-hundred-percent-height-scrolling\" style=\"--awb-border-radius-top-left:0px;--awb-border-radius-top-right:0px;--awb-border-radius-bottom-right:0px;--awb-border-radius-bottom-left:0px;--awb-background-color:rgba(255,255,255,0);--awb-flex-wrap:wrap;\" ><div class=\"fusion-builder-row fusion-row\"><div class=\"fusion-layout-column fusion_builder_column fusion-builder-column-0 fusion_builder_column_1_1 1_1 fusion-one-full fusion-column-first fusion-column-last\" style=\"--awb-padding-top:20px;--awb-bg-size:cover;\"><div class=\"fusion-column-wrapper fusion-flex-column-wrapper-legacy\"><div class=\"fusion-text fusion-text-1\"><p style=\"text-align: center;\"><strong>From April 1st to November 11th: open daily from 10 AM to 6.30 PM, non stop.<\/strong><br \/>\n<strong>Christmas and Easter school holidays (French B and C zones) open 7 days a week (except official holidays) from 10 AM to 6 PM, non stop.<\/strong><br \/>\n<strong>Group visits: Possible during opening hours, upon prior reservation.<\/strong><\/p>\n<p style=\"text-align: center;\">From July 10th to August 20th, the optimal visit times for your comfort are between 10 AM and 2 PM and after 4.30 PM.<\/p>\n<\/div><div class=\"fusion-text fusion-text-2\"><p>Entrance fee, adults (over 17) : 8.5\u20ac<br \/>\nEntrance fee, children (6 to 16)\u00a0: 5.5\u20ac<br \/>\nEntrance fee, group (adults, over 12 participants): 6.5\u20ac<br \/>\nDuration of the visit, 1 \u00bd hours approximately<\/p>\n<p>All museum explanatory texts are in French, English and German.<br \/>\nWheelchair access: only part of the museum (30% approximately) is accessible.<br \/>\nThe museum is not accessible to small children in pushchairs, parents are advised to use a baby carrier or wrap for their visit.<br \/>\nPets are not allowed in the museum.<br \/>\nFree parking. Picnic area. Bicycle parking area.<br \/>\nShop\u00a0: books, souvenirs, Breton produce, postcards\u2026<\/p>\n<p>Are you considering a group visit\u00a0? We can advise you about other activities in the vicinity.<\/p>\n<\/div><div class=\"fusion-sep-clear\"><\/div><div class=\"fusion-separator fusion-full-width-sep\" style=\"margin-left: auto;margin-right: auto;margin-top:10px;margin-bottom:10px;width:100%;\"><\/div><div class=\"fusion-sep-clear\"><\/div><div class=\"fusion-text fusion-text-3\"><p style=\"text-align: center;\">How to find us\u00a0: it\u2019s easy\u00a0! The museum is 500 m from the Pointe Saint Mathieu on the road to Plougonvelin.<br \/>\nGPS: enter Plougonvelin, Le Predic<\/p>\n<\/div><div class=\"fusion-text fusion-text-4\">\n<\/div><div class=\"fusion-clearfix\"><\/div><\/div><\/div><\/div><\/div><\/p>\n","protected":false},"excerpt":{"rendered":"","protected":false},"author":1,"featured_media":0,"parent":0,"menu_order":0,"comment_status":"closed","ping_status":"closed","template":"","meta":{"_exactmetrics_skip_tracking":false,"_exactmetrics_sitenote_active":false,"_exactmetrics_sitenote_note":"","_exactmetrics_sitenote_category":0,"footnotes":""},"class_list":["post-518","page","type-page","status-publish","hentry"],"yoast_head":"<!-- This site is optimized with the Yoast SEO plugin v27.4 - https:\/\/yoast.com\/product\/yoast-seo-wordpress\/ -->\n<title>Opening hours and entrance fees - Mus\u00e9e M\u00e9moire 39-45<\/title>\n<meta name=\"robots\" content=\"index, follow, max-snippet:-1, max-image-preview:large, max-video-preview:-1\" \/>\n<link rel=\"canonical\" href=\"https:\/\/museememoires39-45.fr\/en\/opening-hours-and-entrance-fees\/\" \/>\n<meta property=\"og:locale\" content=\"en_US\" \/>\n<meta property=\"og:type\" content=\"article\" \/>\n<meta property=\"og:title\" content=\"Opening hours and entrance fees - Mus\u00e9e M\u00e9moire 39-45\" \/>\n<meta property=\"og:url\" content=\"https:\/\/museememoires39-45.fr\/en\/opening-hours-and-entrance-fees\/\" \/>\n<meta property=\"og:site_name\" content=\"Mus\u00e9e M\u00e9moire 39-45\" \/>\n<meta property=\"article:modified_time\" content=\"2024-09-19T09:09:55+00:00\" \/>\n<meta name=\"twitter:card\" content=\"summary_large_image\" \/>\n<script type=\"application\/ld+json\" class=\"yoast-schema-graph\">{\"@context\":\"https:\\\/\\\/schema.org\",\"@graph\":[{\"@type\":\"WebPage\",\"@id\":\"https:\\\/\\\/museememoires39-45.fr\\\/en\\\/opening-hours-and-entrance-fees\\\/\",\"url\":\"https:\\\/\\\/museememoires39-45.fr\\\/en\\\/opening-hours-and-entrance-fees\\\/\",\"name\":\"Opening hours and entrance fees - Mus\u00e9e M\u00e9moire 39-45\",\"isPartOf\":{\"@id\":\"https:\\\/\\\/museememoires39-45.fr\\\/#website\"},\"datePublished\":\"2018-04-25T11:55:42+00:00\",\"dateModified\":\"2024-09-19T09:09:55+00:00\",\"breadcrumb\":{\"@id\":\"https:\\\/\\\/museememoires39-45.fr\\\/en\\\/opening-hours-and-entrance-fees\\\/#breadcrumb\"},\"inLanguage\":\"en-US\",\"potentialAction\":[{\"@type\":\"ReadAction\",\"target\":[\"https:\\\/\\\/museememoires39-45.fr\\\/en\\\/opening-hours-and-entrance-fees\\\/\"]}]},{\"@type\":\"BreadcrumbList\",\"@id\":\"https:\\\/\\\/museememoires39-45.fr\\\/en\\\/opening-hours-and-entrance-fees\\\/#breadcrumb\",\"itemListElement\":[{\"@type\":\"ListItem\",\"position\":1,\"name\":\"Accueil\",\"item\":\"https:\\\/\\\/museememoires39-45.fr\\\/en\\\/\"},{\"@type\":\"ListItem\",\"position\":2,\"name\":\"Opening hours and entrance fees\"}]},{\"@type\":\"WebSite\",\"@id\":\"https:\\\/\\\/museememoires39-45.fr\\\/#website\",\"url\":\"https:\\\/\\\/museememoires39-45.fr\\\/\",\"name\":\"Mus\u00e9e M\u00e9moire 39-45\",\"description\":\"Mus\u00e9e M\u00e9moire de guerre 39-45 Plougonvelin-Brest\",\"potentialAction\":[{\"@type\":\"SearchAction\",\"target\":{\"@type\":\"EntryPoint\",\"urlTemplate\":\"https:\\\/\\\/museememoires39-45.fr\\\/?s={search_term_string}\"},\"query-input\":{\"@type\":\"PropertyValueSpecification\",\"valueRequired\":true,\"valueName\":\"search_term_string\"}}],\"inLanguage\":\"en-US\"}]}<\/script>\n<!-- \/ Yoast SEO plugin. -->","yoast_head_json":{"title":"Opening hours and entrance fees - Mus\u00e9e M\u00e9moire 39-45","robots":{"index":"index","follow":"follow","max-snippet":"max-snippet:-1","max-image-preview":"max-image-preview:large","max-video-preview":"max-video-preview:-1"},"canonical":"https:\/\/museememoires39-45.fr\/en\/opening-hours-and-entrance-fees\/","og_locale":"en_US","og_type":"article","og_title":"Opening hours and entrance fees - Mus\u00e9e M\u00e9moire 39-45","og_url":"https:\/\/museememoires39-45.fr\/en\/opening-hours-and-entrance-fees\/","og_site_name":"Mus\u00e9e M\u00e9moire 39-45","article_modified_time":"2024-09-19T09:09:55+00:00","twitter_card":"summary_large_image","schema":{"@context":"https:\/\/schema.org","@graph":[{"@type":"WebPage","@id":"https:\/\/museememoires39-45.fr\/en\/opening-hours-and-entrance-fees\/","url":"https:\/\/museememoires39-45.fr\/en\/opening-hours-and-entrance-fees\/","name":"Opening hours and entrance fees - Mus\u00e9e M\u00e9moire 39-45","isPartOf":{"@id":"https:\/\/museememoires39-45.fr\/#website"},"datePublished":"2018-04-25T11:55:42+00:00","dateModified":"2024-09-19T09:09:55+00:00","breadcrumb":{"@id":"https:\/\/museememoires39-45.fr\/en\/opening-hours-and-entrance-fees\/#breadcrumb"},"inLanguage":"en-US","potentialAction":[{"@type":"ReadAction","target":["https:\/\/museememoires39-45.fr\/en\/opening-hours-and-entrance-fees\/"]}]},{"@type":"BreadcrumbList","@id":"https:\/\/museememoires39-45.fr\/en\/opening-hours-and-entrance-fees\/#breadcrumb","itemListElement":[{"@type":"ListItem","position":1,"name":"Accueil","item":"https:\/\/museememoires39-45.fr\/en\/"},{"@type":"ListItem","position":2,"name":"Opening hours and entrance fees"}]},{"@type":"WebSite","@id":"https:\/\/museememoires39-45.fr\/#website","url":"https:\/\/museememoires39-45.fr\/","name":"Mus\u00e9e M\u00e9moire 39-45","description":"Mus\u00e9e M\u00e9moire de guerre 39-45 Plougonvelin-Brest","potentialAction":[{"@type":"SearchAction","target":{"@type":"EntryPoint","urlTemplate":"https:\/\/museememoires39-45.fr\/?s={search_term_string}"},"query-input":{"@type":"PropertyValueSpecification","valueRequired":true,"valueName":"search_term_string"}}],"inLanguage":"en-US"}]}},"_links":{"self":[{"href":"https:\/\/museememoires39-45.fr\/en\/wp-json\/wp\/v2\/pages\/518","targetHints":{"allow":["GET"]}}],"collection":[{"href":"https:\/\/museememoires39-45.fr\/en\/wp-json\/wp\/v2\/pages"}],"about":[{"href":"https:\/\/museememoires39-45.fr\/en\/wp-json\/wp\/v2\/types\/page"}],"author":[{"embeddable":true,"href":"https:\/\/museememoires39-45.fr\/en\/wp-json\/wp\/v2\/users\/1"}],"replies":[{"embeddable":true,"href":"https:\/\/museememoires39-45.fr\/en\/wp-json\/wp\/v2\/comments?post=518"}],"version-history":[{"count":4,"href":"https:\/\/museememoires39-45.fr\/en\/wp-json\/wp\/v2\/pages\/518\/revisions"}],"predecessor-version":[{"id":566,"href":"https:\/\/museememoires39-45.fr\/en\/wp-json\/wp\/v2\/pages\/518\/revisions\/566"}],"wp:attachment":[{"href":"https:\/\/museememoires39-45.fr\/en\/wp-json\/wp\/v2\/media?parent=518"}],"curies":[{"name":"wp","href":"https:\/\/api.w.org\/{rel}","templated":true}]}}